{"id":142,"date":"2020-04-09T10:21:31","date_gmt":"2020-04-09T09:21:31","guid":{"rendered":"https:\/\/49.12.60.170\/?page_id=142"},"modified":"2023-08-24T14:14:44","modified_gmt":"2023-08-24T12:14:44","slug":"uvjeti-poslovanja","status":"publish","type":"page","link":"https:\/\/donacije.uimeobitelji.net\/?page_id=142","title":{"rendered":"Uvjeti poslovanja"},"content":{"rendered":"<p>[et_pb_section fb_built=&#8221;1&#8243; _builder_version=&#8221;4.4.2&#8243; global_colors_info=&#8221;{}&#8221;][et_pb_row _builder_version=&#8221;4.4.2&#8243; global_colors_info=&#8221;{}&#8221;][et_pb_column type=&#8221;4_4&#8243; _builder_version=&#8221;4.4.2&#8243; global_colors_info=&#8221;{}&#8221;][et_pb_text _builder_version=&#8221;4.14.7&#8243; hover_enabled=&#8221;0&#8243; global_colors_info=&#8221;{}&#8221; link_text_color=&#8221;#7f3f98&#8243; sticky_enabled=&#8221;0&#8243;]<\/p>\n<p><b>O nama<br \/><\/b> Udruga U ime obitelji osnovana je u svibnju 2013. tijekom referendumskog procesa prikupljanja potpisa za ustavnu za\u0161titu braka. Od svog osnutka, kontinuirano djeluje u svrhu osna\u017eivanja braka i obitelji, civilnog dru\u0161tva, za\u0161tite \u017eivota od za\u010de\u0107a do prirodne smrti, za\u0161tite najboljeg interesa djeteta, zagovara neradnu nedjelju, slobodu medija, borbu protiv korupcije te demokratizaciju izbornog sustava u Hrvatskoj. Na\u0161a misija je dru\u0161tvenim zagovaranjem aktivno sudjelovati u osna\u017eivanju braka i obitelji te izgradnji demokratskog dru\u0161tva. U ime obitelji se obvezuje donirana sredstva tro\u0161iti isklju\u010divo za rad na ostvarenju navedenih ciljeva.<\/p>\n<p><b>Uvjeti donacije<\/b><\/p>\n<p><span>Povrat jednom doniranih sredstava nije mogu\u0107.<\/span><span>\u00a0<\/span><span>Donacije nisu oporezive te iznos donacije ne sadr\u017ei PDV.<\/span><\/p>\n<p><span>Za reklamacije se mogu\u0107e obratiti na\u00a0<a href=\"mailto:info@uimeobitelji.net\">info@uimeobitelji.net<\/a><\/span><\/p>\n<p><b>Na\u010din za\u0161tite povjerljivih podataka<\/b><\/p>\n<p>U ime obitelji \u0107e s osobnim podacima donatora postupati sukladno Zakonu o za\u0161titi osobnih podataka i GDPR direktivi uz primjenu odgovaraju\u0107ih tehni\u010dkih i sigurnosnih mjera za\u0161tite osobnih podataka.<\/p>\n<p><b>Izjava o sigurnosti<\/b><\/p>\n<p>WSPay primjenjuje najmodernije standarde u za\u0161titi podataka \u2013 Secure Socket Layer (SSL) s 256-bitnim protokolom, koji jam\u010di algoritam za za\u0161titu kodom (enkripciju). Protokol osigurava da se razmjena podataka izme\u0111u WSPay sustava i autorizacijskih centara karti\u010dnih ku\u0107a obavlja u privatnoj mre\u017ei, koja je od neautoriziranog pristupa za\u0161ti\u0107ena dvostrukim slojem \u201cvatrozida\u201d (firewalla).<\/p>\n<p><a href=\"https:\/\/www.wspay.info\/\"><img loading=\"lazy\" decoding=\"async\" src=\"https:\/\/donacije.uimeobitelji.net\/wp-content\/uploads\/2020\/04\/wsPayLogo-106x50-1.png\" alt=\"\" class=\"wp-image-155 alignnone size-full\" width=\"106\" height=\"50\" srcset=\"https:\/\/donacije.uimeobitelji.net\/wp-content\/uploads\/2020\/04\/wsPayLogo-106x50-1.png 106w, https:\/\/donacije.uimeobitelji.net\/wp-content\/uploads\/2020\/04\/wsPayLogo-106x50-1-100x47.png 100w\" sizes=\"auto, (max-width: 106px) 100vw, 106px\" \/><\/a><\/p>\n<p><b>Na\u010dini pla\u0107anja<\/b><\/p>\n<p><a href=\"https:\/\/www.visa.com.hr\/\"><img loading=\"lazy\" decoding=\"async\" src=\"https:\/\/donacije.uimeobitelji.net\/wp-content\/uploads\/2020\/04\/Visa50.gif\" alt=\"\" class=\"wp-image-154 alignnone size-full\" width=\"80\" height=\"50\" \/><\/a>\u00a0\u00a0<a href=\"https:\/\/www.mastercard.hr\/hr-hr.html\"><img loading=\"lazy\" decoding=\"async\" src=\"https:\/\/donacije.uimeobitelji.net\/wp-content\/uploads\/2020\/04\/MasterCard50.gif\" alt=\"\" class=\"wp-image-151 alignnone size-full\" width=\"80\" height=\"50\" \/><\/a>\u00a0\u00a0<a href=\"http:\/\/www.maestrocard.com\/hr\/\"><img loading=\"lazy\" decoding=\"async\" src=\"https:\/\/donacije.uimeobitelji.net\/wp-content\/uploads\/2020\/04\/maestro50.gif\" alt=\"\" class=\"wp-image-149 alignnone size-full\" width=\"80\" height=\"50\" \/><\/a>\u00a0\u00a0\u00a0\u00a0 <a href=\"https:\/\/www.wspay.info\/mastercard-securecode.html\"><img loading=\"lazy\" decoding=\"async\" src=\"https:\/\/donacije.uimeobitelji.net\/wp-content\/uploads\/2020\/04\/mastercard-identity-check.png\" alt=\"\" class=\"wp-image-164 alignnone size-full\" width=\"50\" height=\"50\" \/><\/a> <a href=\"https:\/\/www.wspay.info\/verified-by-visa.html\"><img loading=\"lazy\" decoding=\"async\" src=\"https:\/\/donacije.uimeobitelji.net\/wp-content\/uploads\/2020\/04\/visa-secure.png\" alt=\"\" class=\"wp-image-165 alignnone size-full\" width=\"50\" height=\"50\" \/><\/a><\/p>\n<p><b>Izjava o prikupljanju i kori\u0161tenju osobnih podataka<\/b><\/p>\n<p>U ime obitelji se obvezuje \u0161tititi osobne podatke donatora, na na\u010din da prikuplja samo nu\u017ene, osnovne podatke o donatorima koji su nu\u017eni za ispunjenje na\u0161ih obveza. Svi se podaci o korisnicima strogo \u010duvaju i dostupni su samo djelatnicima kojima su ti podaci nu\u017eni za obavljanje posla. Svi djelatnici udruge U ime obitelji odgovorni su za po\u0161tivanje na\u010dela za\u0161tite osobnih podataka .<\/p>\n<p><b>Izjava o konverziji<\/b><\/p>\n<p>Sve donacije bit \u0107e izvr\u0161ene u hrvatskim kunama. Iznos za koji \u0107e biti tere\u0107ena Va\u0161a kreditna kartica se dobiva konverzijom cijene iz eura u hrvatsku kunu prema va\u017ee\u0107oj te\u010dajnoj listi Hrvatske narodne banke. Prilikom tere\u0107enja Va\u0161e kreditne kartice isti se iznos pretvara u Va\u0161u lokalnu valutu prema va\u017ee\u0107oj te\u010dajnoj listi udruge karti\u010darskih ku\u0107a. Kao rezultat te konverzije, postoji mogu\u0107nost male razlike upla\u0107enog iznosa u odnosu na originalni iznos donacije istaknut na na\u0161oj internetskoj stranici.<\/p>\n<p><span>Conversion statement<\/span><\/p>\n<p><span>All payments will be effected in Croatian currency. The amount your credit card account will be charged for is obtained through the conversion of the price in Euro into Croatian kuna according to the current exchange rate of the Croatian National bank. When charging your credit card, the same amount is converted into your local currency according to the exchange rate of credit card associations. As a result of this conversion there is a possibility of a slight difference from the original price stated in our web site.<\/span><\/p>\n<p>&nbsp;<\/p>\n<p><strong>Pravila o kola\u010di\u0107ima<\/strong><\/p>\n<p>Radi pobolj\u0161anja usluga\u00a0 i ispravnog rada Web mjesto i njezine online usluge mogu koristiti kola\u010di\u0107e (cookies).<\/p>\n<p><strong><em>\u0160to su kola\u010di\u0107i?<\/em><\/strong><\/p>\n<p>Kola\u010di\u0107i su\u00a0 male podatkovne datoteke koje se pohranjuju na ra\u010dunalo ili mobilni ure\u0111aj korisnika pri posjetu Web mjestu, a\u00a0 omogu\u0107uju prepoznavanje ra\u010dunala korisnika kada je sljede\u0107i put posjeti. Da bi kola\u010di\u0107e mogli koristiti sukladno Zakonu o elektroni\u010dkim komunikacijama, Zakonu o za\u0161titi osobnih podataka, Direktivama EU 2002\/58\/EZ i 95\/46\/EZ te GDPR direktivi, treba nam privola korisnika.<\/p>\n<p><strong><em>\u010cemu slu\u017ee kola\u010di\u0107i?<\/em><\/strong><\/p>\n<p>Pomo\u0107u kola\u010di\u0107a Web mjesto pamti radnje i \u017eeljene postavke korisnika (poput jezika, veli\u010dine fonta i drugih \u017eeljenih postavki koje se odnose na prikaz) tijekom duljeg razdoblja pa ih nije potrebno ponovno unositi pri svakom povratku na Web mjesto odnosno pri prelasku s jedne njezine stranice na drugu.<\/p>\n<p><strong><em>Osobni podaci<\/em><\/strong><\/p>\n<p>Informacije povezane s kola\u010di\u0107ima ne slu\u017ee za identifikaciju korisnika , a podaci o navikama pregledavanja isklju\u010divo su pod nadzorom Web mjesta. Informacije poput imena ili e-mail adrese korisnika ne\u0107e biti spremljene \u2013 kola\u010di\u0107i ne mogu pristupiti osobnim informacijama i datotekama na ra\u010dunalu korisnika.<\/p>\n<p><strong><em>Kako se kontroliraju kola\u010di\u0107i?<\/em><\/strong><\/p>\n<p>Korisnici kola\u010di\u0107e mogu kontrolirati i\/ili izbrisati . Mogu se izbrisati svi kola\u010di\u0107i koji su ve\u0107 pohranjeni na ure\u0111aju korisnika, a postavke ve\u0107ine preglednika omogu\u0107uju blokiranje pohrane kola\u010di\u0107a. Ako korisnik blokira kola\u010di\u0107e, pri svakom \u0107e posjetu Web mjestu ponovno morati prilago\u0111ivati neke \u017eeljene postavke, a odre\u0111ene usluge i funkcije mo\u017eda ne\u0107e biti dostupne.<\/p>\n<p>Na sljede\u0107im linkovima mogu se prona\u0107i informacije o tome kako promijeniti postavke za neke od naj\u010de\u0161\u0107e kori\u0161tenih web preglednika:<span>\u00a0<\/span><a href=\"https:\/\/support.mozilla.org\/en-US\/kb\/delete-browsing-search-download-history-firefox?redirectlocale=en-US&amp;redirectslug=Clear+Recent+History\">Mozilla Firefox<\/a>,<span>\u00a0<\/span><a href=\"https:\/\/support.google.com\/chrome\/answer\/95647?hl=en-GB\">Google Chrome<\/a>,<span>\u00a0<\/span><a href=\"https:\/\/support.microsoft.com\/en-us\/help\/278835\/how-to-delete-cookie-files-in-internet-explorer\">Microsoft Internet Explorer<\/a>,<span>\u00a0<\/span><a href=\"https:\/\/support.apple.com\/kb\/PH5042?locale=en_US\">Apple Safari<\/a>,<span>\u00a0<\/span><a href=\"https:\/\/www.opera.com\/help\/tutorials\/security\/privacy\/\">Opera<\/a>.<\/p>\n<p>&nbsp;<\/p>\n<p><b>Izjava o prihva\u0107anju uvjeta poslovanja<\/b><\/p>\n<p><span>Donacijom korisnik prihva\u0107a navedene uvjete poslovanja.<\/span><\/p>\n<p>[\/et_pb_text][\/et_pb_column][\/et_pb_row][\/et_pb_section]<\/p>\n","protected":false},"excerpt":{"rendered":"<p>O nama Udruga U ime obitelji osnovana je u svibnju 2013. tijekom referendumskog procesa prikupljanja potpisa za ustavnu za\u0161titu braka. Od svog osnutka, kontinuirano djeluje u svrhu osna\u017eivanja braka i obitelji, civilnog dru\u0161tva, za\u0161tite \u017eivota od za\u010de\u0107a do prirodne smrti, za\u0161tite najboljeg interesa djeteta, zagovara neradnu nedjelju, slobodu medija, borbu protiv korupcije te demokratizaciju izbornog [&hellip;]<\/p>\n","protected":false},"author":5,"featured_media":197,"parent":0,"menu_order":0,"comment_status":"closed","ping_status":"closed","template":"","meta":{"_et_pb_use_builder":"on","_et_pb_old_content":"","_et_gb_content_width":"","footnotes":""},"class_list":["post-142","page","type-page","status-publish","has-post-thumbnail","hentry"],"_links":{"self":[{"href":"https:\/\/donacije.uimeobitelji.net\/index.php?rest_route=\/wp\/v2\/pages\/142","targetHints":{"allow":["GET"]}}],"collection":[{"href":"https:\/\/donacije.uimeobitelji.net\/index.php?rest_route=\/wp\/v2\/pages"}],"about":[{"href":"https:\/\/donacije.uimeobitelji.net\/index.php?rest_route=\/wp\/v2\/types\/page"}],"author":[{"embeddable":true,"href":"https:\/\/donacije.uimeobitelji.net\/index.php?rest_route=\/wp\/v2\/users\/5"}],"replies":[{"embeddable":true,"href":"https:\/\/donacije.uimeobitelji.net\/index.php?rest_route=%2Fwp%2Fv2%2Fcomments&post=142"}],"version-history":[{"count":14,"href":"https:\/\/donacije.uimeobitelji.net\/index.php?rest_route=\/wp\/v2\/pages\/142\/revisions"}],"predecessor-version":[{"id":818,"href":"https:\/\/donacije.uimeobitelji.net\/index.php?rest_route=\/wp\/v2\/pages\/142\/revisions\/818"}],"wp:featuredmedia":[{"embeddable":true,"href":"https:\/\/donacije.uimeobitelji.net\/index.php?rest_route=\/wp\/v2\/media\/197"}],"wp:attachment":[{"href":"https:\/\/donacije.uimeobitelji.net\/index.php?rest_route=%2Fwp%2Fv2%2Fmedia&parent=142"}],"curies":[{"name":"wp","href":"https:\/\/api.w.org\/{rel}","templated":true}]}}